{"id":1710,"date":"2022-08-31T12:08:07","date_gmt":"2022-08-31T12:08:07","guid":{"rendered":"https:\/\/smashedpolska.pl\/?page_id=1710"},"modified":"2023-09-18T18:27:25","modified_gmt":"2023-09-18T18:27:25","slug":"czytajwiecej","status":"publish","type":"page","link":"https:\/\/smashedpolska.pl\/?page_id=1710","title":{"rendered":"CzytajWiecej"},"content":{"rendered":"\t\t<div data-elementor-type=\"wp-page\" data-elementor-id=\"1710\" class=\"elementor elementor-1710\">\n\t\t\t\t\t\t\t\t\t<section class=\"elementor-section elementor-top-section elementor-element elementor-element-28b3927 elementor-section-full_width elementor-section-height-default elementor-section-height-default exad-sticky-section-no\" data-id=\"28b3927\" data-element_type=\"section\" data-settings=\"{&quot;background_background&quot;:&quot;classic&quot;}\">\n\t\t\t\t\t\t<div class=\"elementor-container elementor-column-gap-default\">\n\t\t\t\t\t<div class=\"elementor-column elementor-col-100 elementor-top-column elementor-element elementor-element-53be8b1 exad-glass-effect-no exad-sticky-section-no\" data-id=\"53be8b1\" data-element_type=\"column\">\n\t\t\t<div class=\"elementor-widget-wrap\">\n\t\t\t\t\t\t\t\t\t<\/div>\n\t\t<\/div>\n\t\t\t\t\t\t\t<\/div>\n\t\t<\/section>\n\t\t\t\t<section class=\"elementor-section elementor-top-section elementor-element elementor-element-d96d008 elementor-section-boxed elementor-section-height-default elementor-section-height-default exad-glass-effect-no exad-sticky-section-no\" data-id=\"d96d008\" data-element_type=\"section\" data-settings=\"{&quot;background_background&quot;:&quot;classic&quot;}\">\n\t\t\t\t\t\t<div class=\"elementor-container elementor-column-gap-default\">\n\t\t\t\t\t<div class=\"elementor-column elementor-col-100 elementor-top-column elementor-element elementor-element-64ce03c exad-glass-effect-no exad-sticky-section-no\" data-id=\"64ce03c\" data-element_type=\"column\">\n\t\t\t<div class=\"elementor-widget-wrap elementor-element-populated\">\n\t\t\t\t\t\t\t\t<div class=\"elementor-element elementor-element-6f0d7e6 exad-sticky-section-no exad-glass-effect-no elementor-widget elementor-widget-spacer\" data-id=\"6f0d7e6\" data-element_type=\"widget\" data-widget_type=\"spacer.default\">\n\t\t\t\t<div class=\"elementor-widget-container\">\n\t\t\t<style>\/*! elementor - v3.7.4 - 31-08-2022 *\/\n.elementor-column .elementor-spacer-inner{height:var(--spacer-size)}.e-container{--container-widget-width:100%}.e-container>.elementor-widget-spacer{width:var(--container-widget-width,var(--spacer-size));-ms-flex-item-align:stretch;align-self:stretch;-ms-flex-negative:0;flex-shrink:0}.e-container>.elementor-widget-spacer>.elementor-widget-container,.e-container>.elementor-widget-spacer>.elementor-widget-container>.elementor-spacer{height:100%}.e-container>.elementor-widget-spacer>.elementor-widget-container>.elementor-spacer>.elementor-spacer-inner{height:var(--container-widget-height,var(--spacer-size))}<\/style>\t\t<div class=\"elementor-spacer\">\n\t\t\t<div class=\"elementor-spacer-inner\"><\/div>\n\t\t<\/div>\n\t\t\t\t<\/div>\n\t\t\t\t<\/div>\n\t\t\t\t\t<\/div>\n\t\t<\/div>\n\t\t\t\t\t\t\t<\/div>\n\t\t<\/section>\n\t\t\t\t<section class=\"elementor-section elementor-top-section elementor-element elementor-element-dab30d2 elementor-section-boxed elementor-section-height-default elementor-section-height-default exad-glass-effect-no exad-sticky-section-no\" data-id=\"dab30d2\" data-element_type=\"section\" data-settings=\"{&quot;background_background&quot;:&quot;classic&quot;}\">\n\t\t\t\t\t\t<div class=\"elementor-container elementor-column-gap-default\">\n\t\t\t\t\t<div class=\"elementor-column elementor-col-100 elementor-top-column elementor-element elementor-element-5a4dc47 exad-glass-effect-no exad-sticky-section-no\" data-id=\"5a4dc47\" data-element_type=\"column\">\n\t\t\t<div class=\"elementor-widget-wrap elementor-element-populated\">\n\t\t\t\t\t\t\t\t<div class=\"elementor-element elementor-element-a24a064 exad-sticky-section-no exad-glass-effect-no elementor-widget elementor-widget-heading\" data-id=\"a24a064\" data-element_type=\"widget\" data-widget_type=\"heading.default\">\n\t\t\t\t<div class=\"elementor-widget-container\">\n\t\t\t<style>\/*! elementor - v3.7.4 - 31-08-2022 *\/\n.elementor-heading-title{padding:0;margin:0;line-height:1}.elementor-widget-heading .elementor-heading-title[class*=elementor-size-]>a{color:inherit;font-size:inherit;line-height:inherit}.elementor-widget-heading .elementor-heading-title.elementor-size-small{font-size:15px}.elementor-widget-heading .elementor-heading-title.elementor-size-medium{font-size:19px}.elementor-widget-heading .elementor-heading-title.elementor-size-large{font-size:29px}.elementor-widget-heading .elementor-heading-title.elementor-size-xl{font-size:39px}.elementor-widget-heading .elementor-heading-title.elementor-size-xxl{font-size:59px}<\/style><h2 class=\"elementor-heading-title elementor-size-default\">\"SMASHED\" - INFORMACJE O PROGRAMIE<\/h2>\t\t<\/div>\n\t\t\t\t<\/div>\n\t\t\t\t<div class=\"elementor-element elementor-element-960a20d exad-sticky-section-no exad-glass-effect-no elementor-widget elementor-widget-text-editor\" data-id=\"960a20d\" data-element_type=\"widget\" data-widget_type=\"text-editor.default\">\n\t\t\t\t<div class=\"elementor-widget-container\">\n\t\t\t<style>\/*! elementor - v3.7.4 - 31-08-2022 *\/\n.elementor-widget-text-editor.elementor-drop-cap-view-stacked .elementor-drop-cap{background-color:#818a91;color:#fff}.elementor-widget-text-editor.elementor-drop-cap-view-framed .elementor-drop-cap{color:#818a91;border:3px solid;background-color:transparent}.elementor-widget-text-editor:not(.elementor-drop-cap-view-default) .elementor-drop-cap{margin-top:8px}.elementor-widget-text-editor:not(.elementor-drop-cap-view-default) .elementor-drop-cap-letter{width:1em;height:1em}.elementor-widget-text-editor .elementor-drop-cap{float:left;text-align:center;line-height:1;font-size:50px}.elementor-widget-text-editor .elementor-drop-cap-letter{display:inline-block}<\/style>\t\t\t\t<p>\u201eSmashed\u201d to bezp\u0142atny, mi\u0119dzynarodowy program prewencji spo\u017cywania alkoholu przez<br>m\u0142odzie\u017c. Interaktywna aplikacja cyfrowa \u201eSmashed\u201d i zsynchronizowany z ni\u0105 materia\u0142 video wp\u0142ywa na modelowanie postawy antyalkoholowej w\u015br\u00f3d dzieci i m\u0142odzie\u017cy.&nbsp;<br>Program ten dotar\u0142 ju\u017c do 1,5 mln m\u0142odych ludzi, a wersja online jest obecnie dost\u0119pna w 32 krajach na ca\u0142ym \u015bwiecie. \u201eSmashed\u201d zosta\u0142 opracowany przez Collingwood Learning w Wielkiej Brytanii i jest specjalnie dostosowany do ka\u017cdego kraju, w kt\u00f3rym jest realizowany.<\/p>\n<p>Adaptacja scenariusza odbywa si\u0119 z udzia\u0142em ekspert\u00f3w, scenarzyst\u00f3w i re\u017cyser\u00f3w z danego kraju. Scenariusz polskiej edycji \u201eSmashed\u201d opracowa\u0142 profesor Uniwersytetu Warszawskiego, dr hab. Jacek Wasilewski &#8211; wybitny komunikolog, autor licznych scenariuszy i ksi\u0105\u017cek, ekspert od<br>storytellingu i medi\u00f3w. Polsk\u0105 wersj\u0119 video przygotowa\u0142 zesp\u00f3\u0142 pod kierownictwem uznanego producenta filmowego Marka W\u0142adyki z udzia\u0142em aktor\u00f3w m\u0142odego pokolenia.<\/p>\n<p>Koordynatorem polskiej edycji programu \u201eSmashed\u201d &#8211; kampanii spo\u0142ecznej na rzecz budowania odpowiedzialnych postaw jest agencja Brand Republic. Kampania prowadzona jest pod honorowym patronatem Ministra Edukacji i Nauki.<\/p>\t\t\t\t\t\t<\/div>\n\t\t\t\t<\/div>\n\t\t\t\t\t<\/div>\n\t\t<\/div>\n\t\t\t\t\t\t\t<\/div>\n\t\t<\/section>\n\t\t\t\t<section class=\"elementor-section elementor-top-section elementor-element elementor-element-08beb0e elementor-section-boxed elementor-section-height-default elementor-section-height-default exad-glass-effect-no exad-sticky-section-no\" data-id=\"08beb0e\" data-element_type=\"section\" data-settings=\"{&quot;background_background&quot;:&quot;classic&quot;}\">\n\t\t\t\t\t\t<div class=\"elementor-container elementor-column-gap-default\">\n\t\t\t\t\t<div class=\"elementor-column elementor-col-100 elementor-top-column elementor-element elementor-element-33ad3ce exad-glass-effect-no exad-sticky-section-no\" data-id=\"33ad3ce\" data-element_type=\"column\">\n\t\t\t<div class=\"elementor-widget-wrap elementor-element-populated\">\n\t\t\t\t\t\t\t\t<div class=\"elementor-element elementor-element-77c6472 exad-sticky-section-no exad-glass-effect-no elementor-widget elementor-widget-heading\" data-id=\"77c6472\" data-element_type=\"widget\" data-widget_type=\"heading.default\">\n\t\t\t\t<div class=\"elementor-widget-container\">\n\t\t\t<h2 class=\"elementor-heading-title elementor-size-default\">Chris Simes, tw\u00f3rca \u201eSmashed\u201d<\/h2>\t\t<\/div>\n\t\t\t\t<\/div>\n\t\t\t\t<div class=\"elementor-element elementor-element-ef2aa33 exad-sticky-section-no exad-glass-effect-no elementor-widget elementor-widget-text-editor\" data-id=\"ef2aa33\" data-element_type=\"widget\" data-widget_type=\"text-editor.default\">\n\t\t\t\t<div class=\"elementor-widget-container\">\n\t\t\t\t\t\t\t<p>Chris kszta\u0142ci\u0142 si\u0119 na Uniwersytecie w Leeds w latach 1995 -1997 w dziedzinie sztuk dramatycznych,<br \/>specjalizuj\u0105c si\u0119 w teatrze interwencjonistycznym. Od tego czasu jego kariera po\u015bwi\u0119cona jest<br \/>wykorzystywaniu teatru i filmu jako narz\u0119dzia do nauki zar\u00f3wno dla doros\u0142ych, jak i dzieci. W 1999<br \/>roku Chris za\u0142o\u017cy\u0142 BT Education Programme- oparty na teatrze program umiej\u0119tno\u015bci<br \/>komunikacyjnych, kt\u00f3ry odwiedzi\u0142 5000 szk\u00f3\u0142 kszta\u0142c\u0105cych m\u0142odych ludzi w zakresie umiej\u0119tno\u015bci<br \/>m\u00f3wienia i s\u0142uchania. Projekt dotar\u0142 do 3 mln m\u0142odych ludzi w wieku od 10 do 14 lat w ca\u0142ej Wielkiej<br \/>Brytanii.<\/p>\t\t\t\t\t\t<\/div>\n\t\t\t\t<\/div>\n\t\t\t\t\t<\/div>\n\t\t<\/div>\n\t\t\t\t\t\t\t<\/div>\n\t\t<\/section>\n\t\t\t\t<section class=\"elementor-section elementor-top-section elementor-element elementor-element-dbc0b1b elementor-section-boxed elementor-section-height-default elementor-section-height-default exad-glass-effect-no exad-sticky-section-no\" data-id=\"dbc0b1b\" data-element_type=\"section\" data-settings=\"{&quot;background_background&quot;:&quot;classic&quot;}\">\n\t\t\t\t\t\t<div class=\"elementor-container elementor-column-gap-default\">\n\t\t\t\t\t<div class=\"elementor-column elementor-col-100 elementor-top-column elementor-element elementor-element-d2d9d67 exad-glass-effect-no exad-sticky-section-no\" data-id=\"d2d9d67\" data-element_type=\"column\">\n\t\t\t<div class=\"elementor-widget-wrap elementor-element-populated\">\n\t\t\t\t\t\t\t\t<div class=\"elementor-element elementor-element-a768e2c exad-sticky-section-no exad-glass-effect-no elementor-widget elementor-widget-spacer\" data-id=\"a768e2c\" data-element_type=\"widget\" data-widget_type=\"spacer.default\">\n\t\t\t\t<div class=\"elementor-widget-container\">\n\t\t\t\t\t<div class=\"elementor-spacer\">\n\t\t\t<div class=\"elementor-spacer-inner\"><\/div>\n\t\t<\/div>\n\t\t\t\t<\/div>\n\t\t\t\t<\/div>\n\t\t\t\t<div class=\"elementor-element elementor-element-d29eecd exad-sticky-section-no exad-glass-effect-no elementor-widget elementor-widget-heading\" data-id=\"d29eecd\" data-element_type=\"widget\" data-widget_type=\"heading.default\">\n\t\t\t\t<div class=\"elementor-widget-container\">\n\t\t\t<h2 class=\"elementor-heading-title elementor-size-default\">CZYM JEST SMASHED ONLINE?<\/h2>\t\t<\/div>\n\t\t\t\t<\/div>\n\t\t\t\t<div class=\"elementor-element elementor-element-8eb2d48 exad-sticky-section-no exad-glass-effect-no elementor-widget elementor-widget-text-editor\" data-id=\"8eb2d48\" data-element_type=\"widget\" data-widget_type=\"text-editor.default\">\n\t\t\t\t<div class=\"elementor-widget-container\">\n\t\t\t\t\t\t\t<p>\u201eSmashed\u201d to interaktywny kurs e-learningowy opracowany we wsp\u00f3\u0142pracy z We Are Tilt, kreatywn\u0105<br \/>agencj\u0105 filmow\u0105 i edukacyjn\u0105 online. \u201eSmashed\u201d wykorzystuje narz\u0119dzia filmowe, interaktywne<br \/>\u201ekonfesjona\u0142y\u201d, quizy i inne narz\u0119dzia komunikacji aby zrealizowa\u0107 cele edukacyjne w przestrzeni<br \/>cyfrowej. Jest to nowoczesna forma przekazu edukacyjnego rekomendowana zar\u00f3wno dla<br \/>nauczycieli do prowadzenia zaanga\u017cowanej dyskusji z m\u0142odzie\u017c\u0105 podczas lekcji wychowawczych, jak<br \/>r\u00f3wnie\u017c dla m\u0142odych ludzi do indywidualnego skorzystania z programu na dowolnym urz\u0105dzeniu<br \/>elektronicznym.<\/p>\t\t\t\t\t\t<\/div>\n\t\t\t\t<\/div>\n\t\t\t\t\t<\/div>\n\t\t<\/div>\n\t\t\t\t\t\t\t<\/div>\n\t\t<\/section>\n\t\t\t\t<section class=\"elementor-section elementor-top-section elementor-element elementor-element-c71fc48 elementor-section-boxed elementor-section-height-default elementor-section-height-default exad-glass-effect-no exad-sticky-section-no\" data-id=\"c71fc48\" data-element_type=\"section\" data-settings=\"{&quot;background_background&quot;:&quot;classic&quot;}\">\n\t\t\t\t\t\t<div class=\"elementor-container elementor-column-gap-default\">\n\t\t\t\t\t<div class=\"elementor-column elementor-col-100 elementor-top-column elementor-element elementor-element-0235a42 exad-glass-effect-no exad-sticky-section-no\" data-id=\"0235a42\" data-element_type=\"column\">\n\t\t\t<div class=\"elementor-widget-wrap elementor-element-populated\">\n\t\t\t\t\t\t\t\t<div class=\"elementor-element elementor-element-d2fc33a exad-sticky-section-no exad-glass-effect-no elementor-widget elementor-widget-spacer\" data-id=\"d2fc33a\" data-element_type=\"widget\" data-widget_type=\"spacer.default\">\n\t\t\t\t<div class=\"elementor-widget-container\">\n\t\t\t\t\t<div class=\"elementor-spacer\">\n\t\t\t<div class=\"elementor-spacer-inner\"><\/div>\n\t\t<\/div>\n\t\t\t\t<\/div>\n\t\t\t\t<\/div>\n\t\t\t\t<div class=\"elementor-element elementor-element-972d206 exad-sticky-section-no exad-glass-effect-no elementor-widget elementor-widget-heading\" data-id=\"972d206\" data-element_type=\"widget\" data-widget_type=\"heading.default\">\n\t\t\t\t<div class=\"elementor-widget-container\">\n\t\t\t<h2 class=\"elementor-heading-title elementor-size-default\">\u201eSmashed\u201d \u2013 zasi\u0119g mi\u0119dzynarodowy<\/h2>\t\t<\/div>\n\t\t\t\t<\/div>\n\t\t\t\t<div class=\"elementor-element elementor-element-f14a299 exad-sticky-section-no exad-glass-effect-no elementor-widget elementor-widget-text-editor\" data-id=\"f14a299\" data-element_type=\"widget\" data-widget_type=\"text-editor.default\">\n\t\t\t\t<div class=\"elementor-widget-container\">\n\t\t\t\t\t\t\t<p>\u201eSmashed \u201ejest obecnie dost\u0119pny w 30 krajach. We wszystkich krajach wdro\u017cenie programu jest<br \/>wspierane lub zatwierdzane przez ministerstwa edukacji, ministerstwa zdrowia lub regionalne w\u0142adze o\u015bwiatowe.<\/p>\t\t\t\t\t\t<\/div>\n\t\t\t\t<\/div>\n\t\t\t\t\t<\/div>\n\t\t<\/div>\n\t\t\t\t\t\t\t<\/div>\n\t\t<\/section>\n\t\t\t\t<section class=\"elementor-section elementor-top-section elementor-element elementor-element-bdba58a elementor-section-boxed elementor-section-height-default elementor-section-height-default exad-glass-effect-no exad-sticky-section-no\" data-id=\"bdba58a\" data-element_type=\"section\" data-settings=\"{&quot;background_background&quot;:&quot;classic&quot;}\">\n\t\t\t\t\t\t<div class=\"elementor-container elementor-column-gap-default\">\n\t\t\t\t\t<div class=\"elementor-column elementor-col-100 elementor-top-column elementor-element elementor-element-bf8bb2d exad-glass-effect-no exad-sticky-section-no\" data-id=\"bf8bb2d\" data-element_type=\"column\">\n\t\t\t<div class=\"elementor-widget-wrap elementor-element-populated\">\n\t\t\t\t\t\t\t\t<div class=\"elementor-element elementor-element-233ffb5 exad-sticky-section-no exad-glass-effect-no elementor-widget elementor-widget-spacer\" data-id=\"233ffb5\" data-element_type=\"widget\" data-widget_type=\"spacer.default\">\n\t\t\t\t<div class=\"elementor-widget-container\">\n\t\t\t\t\t<div class=\"elementor-spacer\">\n\t\t\t<div class=\"elementor-spacer-inner\"><\/div>\n\t\t<\/div>\n\t\t\t\t<\/div>\n\t\t\t\t<\/div>\n\t\t\t\t<div class=\"elementor-element elementor-element-aa6c1f5 exad-sticky-section-no exad-glass-effect-no elementor-widget elementor-widget-heading\" data-id=\"aa6c1f5\" data-element_type=\"widget\" data-widget_type=\"heading.default\">\n\t\t\t\t<div class=\"elementor-widget-container\">\n\t\t\t<h2 class=\"elementor-heading-title elementor-size-default\">Badania dotycz\u0105ce ewaluacji programu<\/h2>\t\t<\/div>\n\t\t\t\t<\/div>\n\t\t\t\t<div class=\"elementor-element elementor-element-25f8fe6 exad-sticky-section-no exad-glass-effect-no elementor-widget elementor-widget-text-editor\" data-id=\"25f8fe6\" data-element_type=\"widget\" data-widget_type=\"text-editor.default\">\n\t\t\t\t<div class=\"elementor-widget-container\">\n\t\t\t\t\t\t\t<p>Opr\u00f3cz pomiaru liczby uczni\u00f3w bior\u0105cych udzia\u0142 w \u201eSmashed\u201d, opracowane zosta\u0142y wska\u017aniki, kt\u00f3re<br \/>maj\u0105 na celu zmierzenie bezpo\u015bredniego wp\u0142ywu programu na wiedz\u0119, \u015bwiadomo\u015b\u0107, postawy i<br \/>warto\u015bci uczestnicz\u0105cych w nim uczni\u00f3w &#8211; w kontek\u015bcie picia alkoholu przez nieletnich. Badany jest<br \/>poziom wzrostu wiedzy i \u015bwiadomo\u015bci uczni\u00f3w na temat zagro\u017ce\u0144 zwi\u0105zanych z piciem alkoholu<br \/>przez nieletnich i zmiana w warto\u015bciach i postawach uczni\u00f3w wobec picia alkoholu przez nieletnich.<br \/>Celem \u201eSmashed\u201d jest d\u0105\u017cenie do osi\u0105gni\u0119cia:<\/p><ul><li>zwi\u0119kszonej wiedzy i zrozumienia ryzyka oraz niebezpiecze\u0144stw zwi\u0105zanych z piciem<br \/>alkoholu przez nieletnich;<\/li><li>zwi\u0119kszonych umiej\u0119tno\u015bci osobistych, spo\u0142ecznych i komunikacyjnych koniecznych do<br \/>ochrony przed przemoc\u0105, dokonywania odpowiedzialnych wybor\u00f3w, opierania si\u0119 wp\u0142ywom<br \/>spo\u0142ecznym i zwalczania presji r\u00f3wie\u015bnik\u00f3w;<\/li><li>zwi\u0119kszonej \u015bwiadomo\u015bci lokalnych form wsparcia dost\u0119pnych dla m\u0142odych ludzi, kt\u00f3rzy<br \/>mierz\u0105 si\u0119 z problemem alkoholowym;<\/li><li>zmniejszenia liczby m\u0142odych ludzi, kt\u00f3rzy mog\u0105 si\u0119gn\u0105\u0107 po alkohol.<\/li><\/ul>\t\t\t\t\t\t<\/div>\n\t\t\t\t<\/div>\n\t\t\t\t<div class=\"elementor-element elementor-element-895f36a exad-sticky-section-no exad-glass-effect-no elementor-widget elementor-widget-heading\" data-id=\"895f36a\" data-element_type=\"widget\" data-widget_type=\"heading.default\">\n\t\t\t\t<div class=\"elementor-widget-container\">\n\t\t\t<h2 class=\"elementor-heading-title elementor-size-default\">Wp\u0142yw na nauk\u0119:<\/h2>\t\t<\/div>\n\t\t\t\t<\/div>\n\t\t\t\t<div class=\"elementor-element elementor-element-806a5c0 exad-sticky-section-no exad-glass-effect-no elementor-widget elementor-widget-heading\" data-id=\"806a5c0\" data-element_type=\"widget\" data-widget_type=\"heading.default\">\n\t\t\t\t<div class=\"elementor-widget-container\">\n\t\t\t<h2 class=\"elementor-heading-title elementor-size-default\">WP\u0141YW NA UCZNIA:<\/h2>\t\t<\/div>\n\t\t\t\t<\/div>\n\t\t\t\t<div class=\"elementor-element elementor-element-62f4172 exad-sticky-section-no exad-glass-effect-no elementor-widget elementor-widget-text-editor\" data-id=\"62f4172\" data-element_type=\"widget\" data-widget_type=\"text-editor.default\">\n\t\t\t\t<div class=\"elementor-widget-container\">\n\t\t\t\t\t\t\t<ul><li>26% wzrost liczby uczni\u00f3w identyfikuj\u0105cych konsekwencje zwi\u0105zane ze zdrowiem<br \/>psychicznym;<\/li><li>\u00a025% wzrost \u015bwiadomo\u015bci na temat tego, gdzie uzyska\u0107 pomoc w kwestiach alkoholowych;<\/li><li>77% uczni\u00f3w stwierdzi\u0142o, \u017ce czuj\u0105 si\u0119 przygotowani do dokonywania w\u0142a\u015bciwych wybor\u00f3w<br \/>dotycz\u0105cych alkoholu;<\/li><li>93% stwierdzi\u0142o, \u017ce jest to dobry spos\u00f3b na poznanie zagro\u017ce\u0144 zwi\u0105zanych ze spo\u017cywaniem<br \/>alkoholu przez nieletnich<\/li><li>95% uczni\u00f3w ankietowanych po roku twierdzi, \u017ce \u201eSmashed\u201d spowodowa\u0142 zmian\u0119 ich postawy w zakresie spo\u017cywania alkoholu<\/li><\/ul>\t\t\t\t\t\t<\/div>\n\t\t\t\t<\/div>\n\t\t\t\t<div class=\"elementor-element elementor-element-6a5a604 exad-sticky-section-no exad-glass-effect-no elementor-widget elementor-widget-heading\" data-id=\"6a5a604\" data-element_type=\"widget\" data-widget_type=\"heading.default\">\n\t\t\t\t<div class=\"elementor-widget-container\">\n\t\t\t<h2 class=\"elementor-heading-title elementor-size-default\">WP\u0141YW NA NAUCZYCIELA:<\/h2>\t\t<\/div>\n\t\t\t\t<\/div>\n\t\t\t\t<div class=\"elementor-element elementor-element-3325f8f exad-sticky-section-no exad-glass-effect-no elementor-widget elementor-widget-text-editor\" data-id=\"3325f8f\" data-element_type=\"widget\" data-widget_type=\"text-editor.default\">\n\t\t\t\t<div class=\"elementor-widget-container\">\n\t\t\t\t\t\t\t<ul><li>93% twierdzi, \u017ce uczniowie wiedz\u0105 teraz wi\u0119cej o negatywnych konsekwencjach spo\u017cywaniu<br \/>alkoholu przez nieletnich ni\u017c przez zapoznaniem si\u0119 z programem;<\/li><li>\u00a095% stwierdzi\u0142o, \u017ce interaktywny model jest skuteczny edukacyjnie;<\/li><li>96% stwierdzi\u0142o, \u017ce \u201eSmashed \u201eporusza kwestie istotne dla uczni\u00f3w;<\/li><li>98% uwa\u017ca, \u017ce takie programy s\u0105 wa\u017cne;<\/li><li>95% chce przeprowadzi\u0107 program w przysz\u0142ym roku<\/li><li>87% czuje si\u0119 pewniej rozmawiaj\u0105c z m\u0142odymi lud\u017ami o alkoholu po przeprowadzeniu lekcji<br \/>nt. \u201eSmashed\u201d<\/li><\/ul><p>\u00a0<\/p><p>{\u017ar\u00f3d\u0142o: \u201eSmashed\u201d wyniki z ankiety 2021}<\/p>\t\t\t\t\t\t<\/div>\n\t\t\t\t<\/div>\n\t\t\t\t\t<\/div>\n\t\t<\/div>\n\t\t\t\t\t\t\t<\/div>\n\t\t<\/section>\n\t\t\t\t\t\t\t<\/div>\n\t\t","protected":false},"excerpt":{"rendered":"<p>&#8220;SMASHED&#8221; &#8211; INFORMACJE O PROGRAMIE \u201eSmashed\u201d to bezp\u0142atny, mi\u0119dzynarodowy program prewencji spo\u017cywania alkoholu przezm\u0142odzie\u017c. Interaktywna aplikacja cyfrowa \u201eSmashed\u201d i zsynchronizowany z ni\u0105 materia\u0142 video wp\u0142ywa na modelowanie postawy antyalkoholowej w\u015br\u00f3d dzieci i m\u0142odzie\u017cy.&nbsp;Program ten dotar\u0142 ju\u017c do 1,5 mln m\u0142odych ludzi, a wersja online jest obecnie dost\u0119pna w 32 krajach na ca\u0142ym \u015bwiecie. \u201eSmashed\u201d zosta\u0142 &hellip;<\/p>\n<p class=\"read-more\"> <a class=\"\" href=\"https:\/\/smashedpolska.pl\/?page_id=1710\"> <span class=\"screen-reader-text\">CzytajWiecej<\/span> Read More &raquo;<\/a><\/p>\n","protected":false},"author":1,"featured_media":0,"parent":0,"menu_order":0,"comment_status":"closed","ping_status":"closed","template":"","meta":{"site-sidebar-layout":"no-sidebar","site-content-layout":"page-builder","ast-global-header-display":"","ast-main-header-display":"","ast-hfb-above-header-display":"","ast-hfb-below-header-display":"","ast-hfb-mobile-header-display":"","site-post-title":"disabled","ast-breadcrumbs-content":"","ast-featured-img":"disabled","footer-sml-layout":"","theme-transparent-header-meta":"","adv-header-id-meta":"","stick-header-meta":"","header-above-stick-meta":"","header-main-stick-meta":"","header-below-stick-meta":""},"_links":{"self":[{"href":"https:\/\/smashedpolska.pl\/index.php?rest_route=\/wp\/v2\/pages\/1710"}],"collection":[{"href":"https:\/\/smashedpolska.pl\/index.php?rest_route=\/wp\/v2\/pages"}],"about":[{"href":"https:\/\/smashedpolska.pl\/index.php?rest_route=\/wp\/v2\/types\/page"}],"author":[{"embeddable":true,"href":"https:\/\/smashedpolska.pl\/index.php?rest_route=\/wp\/v2\/users\/1"}],"replies":[{"embeddable":true,"href":"https:\/\/smashedpolska.pl\/index.php?rest_route=%2Fwp%2Fv2%2Fcomments&post=1710"}],"version-history":[{"count":19,"href":"https:\/\/smashedpolska.pl\/index.php?rest_route=\/wp\/v2\/pages\/1710\/revisions"}],"predecessor-version":[{"id":2282,"href":"https:\/\/smashedpolska.pl\/index.php?rest_route=\/wp\/v2\/pages\/1710\/revisions\/2282"}],"wp:attachment":[{"href":"https:\/\/smashedpolska.pl\/index.php?rest_route=%2Fwp%2Fv2%2Fmedia&parent=1710"}],"curies":[{"name":"wp","href":"https:\/\/api.w.org\/{rel}","templated":true}]}}